{"id":565,"date":"2019-06-11T14:01:51","date_gmt":"2019-06-11T14:01:51","guid":{"rendered":"https:\/\/www.traildes2baies.fr\/?page_id=565"},"modified":"2025-07-22T14:12:23","modified_gmt":"2025-07-22T14:12:23","slug":"evenements-2","status":"publish","type":"page","link":"https:\/\/traildes2baies.fr\/?page_id=565","title":{"rendered":"\u00c9v\u00e8nements"},"content":{"rendered":"\t\t<div data-elementor-type=\"wp-post\" data-elementor-id=\"565\" class=\"elementor elementor-565\">\n\t\t\t\t\t\t<section class=\"elementor-section elementor-top-section elementor-element elementor-element-7b68029 elementor-section-boxed elementor-section-height-default elementor-section-height-default\" data-id=\"7b68029\" data-element_type=\"section\">\n\t\t\t\t\t\t<div class=\"elementor-container elementor-column-gap-default\">\n\t\t\t\t\t<div class=\"elementor-column elementor-col-100 elementor-top-column elementor-element elementor-element-5aa1259\" data-id=\"5aa1259\" data-element_type=\"column\">\n\t\t\t<div class=\"elementor-widget-wrap elementor-element-populated\">\n\t\t\t\t\t\t<div class=\"elementor-element elementor-element-18490dd elementor-widget elementor-widget-heading\" data-id=\"18490dd\" data-element_type=\"widget\" data-widget_type=\"heading.default\">\n\t\t\t\t<div class=\"elementor-widget-container\">\n\t\t\t<h2 class=\"elementor-heading-title elementor-size-default\"><b>Nos autres \u00e9v\u00e8nements<\/b><\/h2>\t\t<\/div>\n\t\t\t\t<\/div>\n\t\t\t\t\t<\/div>\n\t\t<\/div>\n\t\t\t\t\t<\/div>\n\t\t<\/section>\n\t\t\t\t<section class=\"elementor-section elementor-top-section elementor-element elementor-element-9e487fe elementor-section-boxed elementor-section-height-default elementor-section-height-default\" data-id=\"9e487fe\" data-element_type=\"section\">\n\t\t\t\t\t\t<div class=\"elementor-container elementor-column-gap-default\">\n\t\t\t\t\t<div class=\"elementor-column elementor-col-33 elementor-top-column elementor-element elementor-element-bf67381\" data-id=\"bf67381\" data-element_type=\"column\">\n\t\t\t<div class=\"elementor-widget-wrap elementor-element-populated\">\n\t\t\t\t\t\t<div class=\"elementor-element elementor-element-7647d37 elementor-position-top elementor-widget elementor-widget-image-box\" data-id=\"7647d37\" data-element_type=\"widget\" data-widget_type=\"image-box.default\">\n\t\t\t\t<div class=\"elementor-widget-container\">\n\t\t\t<div class=\"elementor-image-box-wrapper\"><figure class=\"elementor-image-box-img\"><a href=\"http:\/\/www.touquetraid.com\" target=\"_blank\" tabindex=\"-1\"><img fetchpriority=\"high\" width=\"1024\" height=\"680\" src=\"https:\/\/traildes2baies.fr\/wp-content\/uploads\/2025\/07\/DSC02414_resultat.jpg\" class=\"attachment-full size-full wp-image-32279\" alt=\"\" srcset=\"https:\/\/traildes2baies.fr\/wp-content\/uploads\/2025\/07\/DSC02414_resultat.jpg 1024w, https:\/\/traildes2baies.fr\/wp-content\/uploads\/2025\/07\/DSC02414_resultat-300x199.jpg 300w, https:\/\/traildes2baies.fr\/wp-content\/uploads\/2025\/07\/DSC02414_resultat-768x510.jpg 768w\" sizes=\"(max-width: 1024px) 100vw, 1024px\" \/><\/a><\/figure><div class=\"elementor-image-box-content\"><h3 class=\"elementor-image-box-title\"><a href=\"http:\/\/www.touquetraid.com\" target=\"_blank\">Touquet Raid Pas de Calais<\/a><\/h3><p class=\"elementor-image-box-description\">Fin Mars \/ D\u00e9but Avril<br>Venez participer avec nous \u00e0 votre <font color=\"#000000\"><b>Aventure<\/b><\/font> sportive en \u00e9quipe<br style=\"white-space: normal; background-color: rgba(225, 215, 215, 0.48);\"><b><span style=\"color:black\">Raid adulte<\/span><\/b> de 80km sur 1 jour<br style=\"white-space: normal; background-color: rgba(225, 215, 215, 0.48);\"><b><span style=\"color:black\">Raid ado<\/span><\/b> de 20km sur 3h<br style=\"white-space: normal; background-color: rgba(225, 215, 215, 0.48);\">Animations gratuites enfants et grand public<\/p><\/div><\/div>\t\t<\/div>\n\t\t\t\t<\/div>\n\t\t\t\t\t<\/div>\n\t\t<\/div>\n\t\t\t\t<div class=\"elementor-column elementor-col-33 elementor-top-column elementor-element elementor-element-5d2808d\" data-id=\"5d2808d\" data-element_type=\"column\">\n\t\t\t<div class=\"elementor-widget-wrap elementor-element-populated\">\n\t\t\t\t\t\t<div class=\"elementor-element elementor-element-cdd77d4 elementor-position-top elementor-widget elementor-widget-image-box\" data-id=\"cdd77d4\" data-element_type=\"widget\" data-widget_type=\"image-box.default\">\n\t\t\t\t<div class=\"elementor-widget-container\">\n\t\t\t<div class=\"elementor-image-box-wrapper\"><figure class=\"elementor-image-box-img\"><a href=\"http:\/\/www.touquetraidamazones.com\" target=\"_blank\" tabindex=\"-1\"><img width=\"1024\" height=\"683\" src=\"https:\/\/traildes2baies.fr\/wp-content\/uploads\/2025\/07\/DSC07718_resultat.jpg\" class=\"attachment-full size-full wp-image-32280\" alt=\"\" srcset=\"https:\/\/traildes2baies.fr\/wp-content\/uploads\/2025\/07\/DSC07718_resultat.jpg 1024w, https:\/\/traildes2baies.fr\/wp-content\/uploads\/2025\/07\/DSC07718_resultat-300x200.jpg 300w, https:\/\/traildes2baies.fr\/wp-content\/uploads\/2025\/07\/DSC07718_resultat-768x512.jpg 768w\" sizes=\"(max-width: 1024px) 100vw, 1024px\" \/><\/a><\/figure><div class=\"elementor-image-box-content\"><h3 class=\"elementor-image-box-title\"><a href=\"http:\/\/www.touquetraidamazones.com\" target=\"_blank\">Touquet Raid Amazones<\/a><\/h3><p class=\"elementor-image-box-description\">Les 6 et 7 juin 2024<br>Venez participer avec nous \u00e0 votre <font color=\"#000000\"><span style=\"font-weight: 700;\">Aventure<\/span><\/font> sportive en \u00e9quipe !<br style=\"white-space: normal; background-color: rgba(225, 215, 215, 0.48);\">Un \u00e9preuve en \u00e9quipe et au coeur de la Nature <b><span style=\"Color:black\">accessible \u00e0 toutes !<\/span><\/b><\/p><\/div><\/div>\t\t<\/div>\n\t\t\t\t<\/div>\n\t\t\t\t\t<\/div>\n\t\t<\/div>\n\t\t\t\t<div class=\"elementor-column elementor-col-33 elementor-top-column elementor-element elementor-element-eba4b4c\" data-id=\"eba4b4c\" data-element_type=\"column\">\n\t\t\t<div class=\"elementor-widget-wrap elementor-element-populated\">\n\t\t\t\t\t\t<div class=\"elementor-element elementor-element-faad0b0 elementor-position-top elementor-widget elementor-widget-image-box\" data-id=\"faad0b0\" data-element_type=\"widget\" data-widget_type=\"image-box.default\">\n\t\t\t\t<div class=\"elementor-widget-container\">\n\t\t\t<div class=\"elementor-image-box-wrapper\"><figure class=\"elementor-image-box-img\"><a href=\"https:\/\/touquetbikeandrun.com\" tabindex=\"-1\"><img width=\"300\" height=\"268\" src=\"https:\/\/traildes2baies.fr\/wp-content\/uploads\/2022\/11\/logobikerun-1-300x268.png\" class=\"attachment-medium size-medium wp-image-31254\" alt=\"Touquet Bike &amp; run\" srcset=\"https:\/\/traildes2baies.fr\/wp-content\/uploads\/2022\/11\/logobikerun-1-300x268.png 300w, https:\/\/traildes2baies.fr\/wp-content\/uploads\/2022\/11\/logobikerun-1-1024x914.png 1024w, https:\/\/traildes2baies.fr\/wp-content\/uploads\/2022\/11\/logobikerun-1-768x685.png 768w, https:\/\/traildes2baies.fr\/wp-content\/uploads\/2022\/11\/logobikerun-1.png 1089w\" sizes=\"(max-width: 300px) 100vw, 300px\" \/><\/a><\/figure><div class=\"elementor-image-box-content\"><h3 class=\"elementor-image-box-title\"><a href=\"https:\/\/touquetbikeandrun.com\">Touquet <br>Bike &amp; Run<\/a><\/h3><p class=\"elementor-image-box-description\">Comme chaque ann\u00e9e participez \u00e0 une course fun et conviviable le samedi 01 Novembre 2025 sur un parcours adulte de <b><span style=\"Color:black\">15km<\/span><\/b> et un parcours enfant et famille de <b><span style=\"color:black\">4km<\/span><\/b><\/p><\/div><\/div>\t\t<\/div>\n\t\t\t\t<\/div>\n\t\t\t\t\t<\/div>\n\t\t<\/div>\n\t\t\t\t\t<\/div>\n\t\t<\/section>\n\t\t\t\t<\/div>\n\t\t","protected":false},"excerpt":{"rendered":"<p>Nos autres \u00e9v\u00e8nements Touquet Raid Pas de Calais Fin Mars \/ D\u00e9but AvrilVenez participer avec nous \u00e0 votre Aventure sportive en \u00e9quipeRaid adulte de 80km sur 1 jourRaid ado de 20km sur 3hAnimations gratuites enfants et grand public Touquet Raid Amazones Les 6 et 7 juin 2024Venez participer avec nous \u00e0 votre Aventure sportive en [&hellip;]<\/p>\n","protected":false},"author":8,"featured_media":561,"parent":0,"menu_order":0,"comment_status":"closed","ping_status":"closed","template":"","meta":{"_mi_skip_tracking":false},"yoast_head":"<!-- This site is optimized with the Yoast SEO plugin v20.6 - https:\/\/yoast.com\/wordpress\/plugins\/seo\/ -->\n<title>Trail des 2 baies - Les \u00e9v\u00e8nements<\/title>\n<meta name=\"description\" content=\"D\u00e9couvrez l&#039;ensemble des \u00e9v\u00e8nements de Karine Baillet Organisation. Touquet Raid Amazones, Touquet Raid Bike &amp; run, Touquet Raid Pas de Calais...\" \/>\n<meta name=\"robots\" content=\"index, follow, max-snippet:-1, max-image-preview:large, max-video-preview:-1\" \/>\n<link rel=\"canonical\" href=\"https:\/\/traildes2baies.fr\/?page_id=565\" \/>\n<meta property=\"og:locale\" content=\"fr_FR\" \/>\n<meta property=\"og:type\" content=\"article\" \/>\n<meta property=\"og:title\" content=\"Trail des 2 baies - Les \u00e9v\u00e8nements\" \/>\n<meta property=\"og:description\" content=\"D\u00e9couvrez l&#039;ensemble des \u00e9v\u00e8nements de Karine Baillet Organisation. Touquet Raid Amazones, Touquet Raid Bike &amp; run, Touquet Raid Pas de Calais...\" \/>\n<meta property=\"og:url\" content=\"https:\/\/traildes2baies.fr\/?page_id=565\" \/>\n<meta property=\"og:site_name\" content=\"Trail D2B\" \/>\n<meta property=\"article:publisher\" content=\"https:\/\/www.facebook.com\/traild2b\" \/>\n<meta property=\"article:modified_time\" content=\"2025-07-22T14:12:23+00:00\" \/>\n<meta property=\"og:image\" content=\"https:\/\/traildes2baies.fr\/wp-content\/uploads\/2018\/10\/footer-nl.jpg\" \/>\n\t<meta property=\"og:image:width\" content=\"2000\" \/>\n\t<meta property=\"og:image:height\" content=\"945\" \/>\n\t<meta property=\"og:image:type\" content=\"image\/jpeg\" \/>\n<meta name=\"twitter:card\" content=\"summary_large_image\" \/>\n<meta name=\"twitter:label1\" content=\"Dur\u00e9e de lecture estim\u00e9e\" \/>\n\t<meta name=\"twitter:data1\" content=\"2 minutes\" \/>\n<script type=\"application\/ld+json\" class=\"yoast-schema-graph\">{\"@context\":\"https:\/\/schema.org\",\"@graph\":[{\"@type\":\"WebPage\",\"@id\":\"https:\/\/traildes2baies.fr\/?page_id=565\",\"url\":\"https:\/\/traildes2baies.fr\/?page_id=565\",\"name\":\"Trail des 2 baies - Les \u00e9v\u00e8nements\",\"isPartOf\":{\"@id\":\"https:\/\/traildes2baies.fr\/#website\"},\"datePublished\":\"2019-06-11T14:01:51+00:00\",\"dateModified\":\"2025-07-22T14:12:23+00:00\",\"description\":\"D\u00e9couvrez l'ensemble des \u00e9v\u00e8nements de Karine Baillet Organisation. Touquet Raid Amazones, Touquet Raid Bike & run, Touquet Raid Pas de Calais...\",\"breadcrumb\":{\"@id\":\"https:\/\/traildes2baies.fr\/?page_id=565#breadcrumb\"},\"inLanguage\":\"fr-FR\",\"potentialAction\":[{\"@type\":\"ReadAction\",\"target\":[\"https:\/\/traildes2baies.fr\/?page_id=565\"]}]},{\"@type\":\"BreadcrumbList\",\"@id\":\"https:\/\/traildes2baies.fr\/?page_id=565#breadcrumb\",\"itemListElement\":[{\"@type\":\"ListItem\",\"position\":1,\"name\":\"Accueil\",\"item\":\"https:\/\/traildes2baies.fr\/\"},{\"@type\":\"ListItem\",\"position\":2,\"name\":\"\u00c9v\u00e8nements\"}]},{\"@type\":\"WebSite\",\"@id\":\"https:\/\/traildes2baies.fr\/#website\",\"url\":\"https:\/\/traildes2baies.fr\/\",\"name\":\"Trail D2B\",\"description\":\"\",\"publisher\":{\"@id\":\"https:\/\/traildes2baies.fr\/#organization\"},\"potentialAction\":[{\"@type\":\"SearchAction\",\"target\":{\"@type\":\"EntryPoint\",\"urlTemplate\":\"https:\/\/traildes2baies.fr\/?s={search_term_string}\"},\"query-input\":\"required name=search_term_string\"}],\"inLanguage\":\"fr-FR\"},{\"@type\":\"Organization\",\"@id\":\"https:\/\/traildes2baies.fr\/#organization\",\"name\":\"Trail D2B\",\"url\":\"https:\/\/traildes2baies.fr\/\",\"logo\":{\"@type\":\"ImageObject\",\"inLanguage\":\"fr-FR\",\"@id\":\"https:\/\/traildes2baies.fr\/#\/schema\/logo\/image\/\",\"url\":\"https:\/\/traildes2baies.fr\/wp-content\/uploads\/2019\/06\/trail-d2B.png\",\"contentUrl\":\"https:\/\/traildes2baies.fr\/wp-content\/uploads\/2019\/06\/trail-d2B.png\",\"width\":400,\"height\":400,\"caption\":\"Trail D2B\"},\"image\":{\"@id\":\"https:\/\/traildes2baies.fr\/#\/schema\/logo\/image\/\"},\"sameAs\":[\"https:\/\/www.facebook.com\/traild2b\"]}]}<\/script>\n<!-- \/ Yoast SEO plugin. -->","yoast_head_json":{"title":"Trail des 2 baies - Les \u00e9v\u00e8nements","description":"D\u00e9couvrez l'ensemble des \u00e9v\u00e8nements de Karine Baillet Organisation. Touquet Raid Amazones, Touquet Raid Bike & run, Touquet Raid Pas de Calais...","robots":{"index":"index","follow":"follow","max-snippet":"max-snippet:-1","max-image-preview":"max-image-preview:large","max-video-preview":"max-video-preview:-1"},"canonical":"https:\/\/traildes2baies.fr\/?page_id=565","og_locale":"fr_FR","og_type":"article","og_title":"Trail des 2 baies - Les \u00e9v\u00e8nements","og_description":"D\u00e9couvrez l'ensemble des \u00e9v\u00e8nements de Karine Baillet Organisation. Touquet Raid Amazones, Touquet Raid Bike & run, Touquet Raid Pas de Calais...","og_url":"https:\/\/traildes2baies.fr\/?page_id=565","og_site_name":"Trail D2B","article_publisher":"https:\/\/www.facebook.com\/traild2b","article_modified_time":"2025-07-22T14:12:23+00:00","og_image":[{"width":2000,"height":945,"url":"https:\/\/traildes2baies.fr\/wp-content\/uploads\/2018\/10\/footer-nl.jpg","type":"image\/jpeg"}],"twitter_card":"summary_large_image","twitter_misc":{"Dur\u00e9e de lecture estim\u00e9e":"2 minutes"},"schema":{"@context":"https:\/\/schema.org","@graph":[{"@type":"WebPage","@id":"https:\/\/traildes2baies.fr\/?page_id=565","url":"https:\/\/traildes2baies.fr\/?page_id=565","name":"Trail des 2 baies - Les \u00e9v\u00e8nements","isPartOf":{"@id":"https:\/\/traildes2baies.fr\/#website"},"datePublished":"2019-06-11T14:01:51+00:00","dateModified":"2025-07-22T14:12:23+00:00","description":"D\u00e9couvrez l'ensemble des \u00e9v\u00e8nements de Karine Baillet Organisation. Touquet Raid Amazones, Touquet Raid Bike & run, Touquet Raid Pas de Calais...","breadcrumb":{"@id":"https:\/\/traildes2baies.fr\/?page_id=565#breadcrumb"},"inLanguage":"fr-FR","potentialAction":[{"@type":"ReadAction","target":["https:\/\/traildes2baies.fr\/?page_id=565"]}]},{"@type":"BreadcrumbList","@id":"https:\/\/traildes2baies.fr\/?page_id=565#breadcrumb","itemListElement":[{"@type":"ListItem","position":1,"name":"Accueil","item":"https:\/\/traildes2baies.fr\/"},{"@type":"ListItem","position":2,"name":"\u00c9v\u00e8nements"}]},{"@type":"WebSite","@id":"https:\/\/traildes2baies.fr\/#website","url":"https:\/\/traildes2baies.fr\/","name":"Trail D2B","description":"","publisher":{"@id":"https:\/\/traildes2baies.fr\/#organization"},"potentialAction":[{"@type":"SearchAction","target":{"@type":"EntryPoint","urlTemplate":"https:\/\/traildes2baies.fr\/?s={search_term_string}"},"query-input":"required name=search_term_string"}],"inLanguage":"fr-FR"},{"@type":"Organization","@id":"https:\/\/traildes2baies.fr\/#organization","name":"Trail D2B","url":"https:\/\/traildes2baies.fr\/","logo":{"@type":"ImageObject","inLanguage":"fr-FR","@id":"https:\/\/traildes2baies.fr\/#\/schema\/logo\/image\/","url":"https:\/\/traildes2baies.fr\/wp-content\/uploads\/2019\/06\/trail-d2B.png","contentUrl":"https:\/\/traildes2baies.fr\/wp-content\/uploads\/2019\/06\/trail-d2B.png","width":400,"height":400,"caption":"Trail D2B"},"image":{"@id":"https:\/\/traildes2baies.fr\/#\/schema\/logo\/image\/"},"sameAs":["https:\/\/www.facebook.com\/traild2b"]}]}},"_links":{"self":[{"href":"https:\/\/traildes2baies.fr\/index.php?rest_route=\/wp\/v2\/pages\/565"}],"collection":[{"href":"https:\/\/traildes2baies.fr\/index.php?rest_route=\/wp\/v2\/pages"}],"about":[{"href":"https:\/\/traildes2baies.fr\/index.php?rest_route=\/wp\/v2\/types\/page"}],"author":[{"embeddable":true,"href":"https:\/\/traildes2baies.fr\/index.php?rest_route=\/wp\/v2\/users\/8"}],"replies":[{"embeddable":true,"href":"https:\/\/traildes2baies.fr\/index.php?rest_route=%2Fwp%2Fv2%2Fcomments&post=565"}],"version-history":[{"count":32,"href":"https:\/\/traildes2baies.fr\/index.php?rest_route=\/wp\/v2\/pages\/565\/revisions"}],"predecessor-version":[{"id":32286,"href":"https:\/\/traildes2baies.fr\/index.php?rest_route=\/wp\/v2\/pages\/565\/revisions\/32286"}],"wp:featuredmedia":[{"embeddable":true,"href":"https:\/\/traildes2baies.fr\/index.php?rest_route=\/wp\/v2\/media\/561"}],"wp:attachment":[{"href":"https:\/\/traildes2baies.fr\/index.php?rest_route=%2Fwp%2Fv2%2Fmedia&parent=565"}],"curies":[{"name":"wp","href":"https:\/\/api.w.org\/{rel}","templated":true}]}}