{"id":654,"date":"2019-06-12T15:09:59","date_gmt":"2019-06-12T15:09:59","guid":{"rendered":"https:\/\/www.traildes2baies.fr\/?page_id=654"},"modified":"2025-01-08T11:51:09","modified_gmt":"2025-01-08T11:51:09","slug":"les-partenaires-publics","status":"publish","type":"page","link":"https:\/\/traildes2baies.fr\/?page_id=654","title":{"rendered":"Les partenaires publics"},"content":{"rendered":"\t\t<div data-elementor-type=\"wp-post\" data-elementor-id=\"654\" class=\"elementor elementor-654\">\n\t\t\t\t\t\t<section class=\"elementor-section elementor-top-section elementor-element elementor-element-a4811bd elementor-section-boxed elementor-section-height-default elementor-section-height-default\" data-id=\"a4811bd\" data-element_type=\"section\">\n\t\t\t\t\t\t<div class=\"elementor-container elementor-column-gap-default\">\n\t\t\t\t\t<div class=\"elementor-column elementor-col-100 elementor-top-column elementor-element elementor-element-37bfdc0\" data-id=\"37bfdc0\" data-element_type=\"column\">\n\t\t\t<div class=\"elementor-widget-wrap elementor-element-populated\">\n\t\t\t\t\t\t<section class=\"elementor-section elementor-inner-section elementor-element elementor-element-2eb26c6 elementor-section-boxed elementor-section-height-default elementor-section-height-default\" data-id=\"2eb26c6\" data-element_type=\"section\">\n\t\t\t\t\t\t<div class=\"elementor-container elementor-column-gap-default\">\n\t\t\t\t\t<div class=\"elementor-column elementor-col-50 elementor-inner-column elementor-element elementor-element-03b7457\" data-id=\"03b7457\" data-element_type=\"column\">\n\t\t\t<div class=\"elementor-widget-wrap elementor-element-populated\">\n\t\t\t\t\t\t<div class=\"elementor-element elementor-element-90caa0e elementor-widget elementor-widget-boosted-elements-advanced-button\" data-id=\"90caa0e\" data-element_type=\"widget\" data-widget_type=\"boosted-elements-advanced-button.default\">\n\t\t\t\t<div class=\"elementor-widget-container\">\n\t\t\t\n\t\t\n\n\t<div class=\"boosted-elements-progression-advanced-button-container\">\t\t\n\t\t<a href=\"https:\/\/www.traildes2baies.fr\/les-partenaires-prives\"   class=\"boosted-elements-advanced-button elementor-animation- boosted-elements-btn-animate-opacity boosted-elements-icon-animate-replace-from-left\">\n\t\t\t\n\t\t\t<div class=\"boosted-elements-advanced-btn-text\"><i aria-hidden=\"true\" class=\"advanced-btn-icon-spacing-icon-left far fa-hand-pointer\"><\/i><span class=\"boosted-elements-advanced-btn-text-inline\"><div >Partenaires priv\u00e9s<\/div><\/span><\/div>\n\t\t\t\n\t\t\t<span class=\"boosted-elements-advanced-btn-background\"><\/span>\n\t\t\t<span class=\"boosted-elements-advanced-btn-background-hover\"><\/span>\n\t\t<\/a>\n\t<\/div><!-- close .boosted-elements-progression-advanced-button-container -->\n\t\n\t\n\t\t\t<\/div>\n\t\t\t\t<\/div>\n\t\t\t\t\t<\/div>\n\t\t<\/div>\n\t\t\t\t<div class=\"elementor-column elementor-col-50 elementor-inner-column elementor-element elementor-element-f5e961f\" data-id=\"f5e961f\" data-element_type=\"column\">\n\t\t\t<div class=\"elementor-widget-wrap elementor-element-populated\">\n\t\t\t\t\t\t<div class=\"elementor-element elementor-element-51072c5 elementor-widget elementor-widget-boosted-elements-advanced-button\" data-id=\"51072c5\" data-element_type=\"widget\" data-widget_type=\"boosted-elements-advanced-button.default\">\n\t\t\t\t<div class=\"elementor-widget-container\">\n\t\t\t\n\t\t\n\n\t<div class=\"boosted-elements-progression-advanced-button-container\">\t\t\n\t\t<a href=\"https:\/\/www.traildes2baies.fr\/les-partenaires-media\"   class=\"boosted-elements-advanced-button elementor-animation- boosted-elements-btn-animate-opacity boosted-elements-icon-animate-replace-from-left\">\n\t\t\t\n\t\t\t<div class=\"boosted-elements-advanced-btn-text\"><i aria-hidden=\"true\" class=\"advanced-btn-icon-spacing-icon-left far fa-hand-pointer\"><\/i><span class=\"boosted-elements-advanced-btn-text-inline\"><div >Partenaires m\u00e9dias<\/div><\/span><\/div>\n\t\t\t\n\t\t\t<span class=\"boosted-elements-advanced-btn-background\"><\/span>\n\t\t\t<span class=\"boosted-elements-advanced-btn-background-hover\"><\/span>\n\t\t<\/a>\n\t<\/div><!-- close .boosted-elements-progression-advanced-button-container -->\n\t\n\t\n\t\t\t<\/div>\n\t\t\t\t<\/div>\n\t\t\t\t\t<\/div>\n\t\t<\/div>\n\t\t\t\t\t<\/div>\n\t\t<\/section>\n\t\t\t\t<div class=\"elementor-element elementor-element-543c5c1 elementor-widget elementor-widget-heading\" data-id=\"543c5c1\" data-element_type=\"widget\" data-widget_type=\"heading.default\">\n\t\t\t\t<div class=\"elementor-widget-container\">\n\t\t\t<h1 class=\"elementor-heading-title elementor-size-default\">Nos partenaires <\/h1>\t\t<\/div>\n\t\t\t\t<\/div>\n\t\t\t\t<section class=\"elementor-section elementor-inner-section elementor-element elementor-element-37f161f elementor-section-boxed elementor-section-height-default elementor-section-height-default\" data-id=\"37f161f\" data-element_type=\"section\">\n\t\t\t\t\t\t<div class=\"elementor-container elementor-column-gap-default\">\n\t\t\t\t\t<div class=\"elementor-column elementor-col-50 elementor-inner-column elementor-element elementor-element-8939540\" data-id=\"8939540\" data-element_type=\"column\">\n\t\t\t<div class=\"elementor-widget-wrap elementor-element-populated\">\n\t\t\t\t\t\t<div class=\"elementor-element elementor-element-383bba0 elementor-widget elementor-widget-image\" data-id=\"383bba0\" data-element_type=\"widget\" data-widget_type=\"image.default\">\n\t\t\t\t<div class=\"elementor-widget-container\">\n\t\t\t\t\t\t\t\t\t\t\t\t\t<img fetchpriority=\"high\" width=\"3543\" height=\"1462\" src=\"https:\/\/traildes2baies.fr\/wp-content\/uploads\/2021\/09\/Logo-touquet_2021_H-bleu.png\" class=\"attachment-full size-full wp-image-30606\" alt=\"Le touquet Paris Plage\" srcset=\"https:\/\/traildes2baies.fr\/wp-content\/uploads\/2021\/09\/Logo-touquet_2021_H-bleu.png 3543w, https:\/\/traildes2baies.fr\/wp-content\/uploads\/2021\/09\/Logo-touquet_2021_H-bleu-300x124.png 300w, https:\/\/traildes2baies.fr\/wp-content\/uploads\/2021\/09\/Logo-touquet_2021_H-bleu-1024x423.png 1024w, https:\/\/traildes2baies.fr\/wp-content\/uploads\/2021\/09\/Logo-touquet_2021_H-bleu-768x317.png 768w, https:\/\/traildes2baies.fr\/wp-content\/uploads\/2021\/09\/Logo-touquet_2021_H-bleu-1536x634.png 1536w, https:\/\/traildes2baies.fr\/wp-content\/uploads\/2021\/09\/Logo-touquet_2021_H-bleu-2048x845.png 2048w\" sizes=\"(max-width: 3543px) 100vw, 3543px\" \/>\t\t\t\t\t\t\t\t\t\t\t\t\t<\/div>\n\t\t\t\t<\/div>\n\t\t\t\t\t<\/div>\n\t\t<\/div>\n\t\t\t\t<div class=\"elementor-column elementor-col-50 elementor-inner-column elementor-element elementor-element-9523575\" data-id=\"9523575\" data-element_type=\"column\">\n\t\t\t<div class=\"elementor-widget-wrap elementor-element-populated\">\n\t\t\t\t\t\t<div class=\"elementor-element elementor-element-ad189b5 elementor-widget elementor-widget-text-editor\" data-id=\"ad189b5\" data-element_type=\"widget\" data-widget_type=\"text-editor.default\">\n\t\t\t\t<div class=\"elementor-widget-container\">\n\t\t\t\t\t\t\t<p><strong>Le Touquet<\/strong> : Situ\u00e9e dans le triangle Paris-Londres-Bruxelles et nich\u00e9e au coeur d\u2019une for\u00eat de pins plus que centenaires, r\u00e9solument tourn\u00e9e vers les grands espaces, g\u00e9n\u00e9reusement ouverte \u00e0 la mer, \u00e0 la for\u00eat et aux dunes, la station du Touquet est un lieu id\u00e9al pour pratiquer toutes les activit\u00e9s sportives \u00ab grandeur nature \u00bb. Daniel Fasquelle et toute son \u00e9quipe municipale nous soutiennent dans l\u2019organisation et le d\u00e9veloppement de ce grand rendez vous Nature. <a href=\"http:\/\/www.letouquet.com\" target=\"_blank\" rel=\"noopener\">Site du Touquet.<\/a><\/p>\t\t\t\t\t\t<\/div>\n\t\t\t\t<\/div>\n\t\t\t\t\t<\/div>\n\t\t<\/div>\n\t\t\t\t\t<\/div>\n\t\t<\/section>\n\t\t\t\t<section class=\"elementor-section elementor-inner-section elementor-element elementor-element-b67a734 elementor-section-boxed elementor-section-height-default elementor-section-height-default\" data-id=\"b67a734\" data-element_type=\"section\">\n\t\t\t\t\t\t<div class=\"elementor-container elementor-column-gap-default\">\n\t\t\t\t\t<div class=\"elementor-column elementor-col-50 elementor-inner-column elementor-element elementor-element-cea89ee\" data-id=\"cea89ee\" data-element_type=\"column\">\n\t\t\t<div class=\"elementor-widget-wrap elementor-element-populated\">\n\t\t\t\t\t\t<div class=\"elementor-element elementor-element-373791a elementor-widget elementor-widget-image\" data-id=\"373791a\" data-element_type=\"widget\" data-widget_type=\"image.default\">\n\t\t\t\t<div class=\"elementor-widget-container\">\n\t\t\t\t\t\t\t\t\t\t\t\t\t<img width=\"150\" height=\"150\" src=\"https:\/\/traildes2baies.fr\/wp-content\/uploads\/2024\/12\/5-150x150.png\" class=\"attachment-thumbnail size-thumbnail wp-image-32146\" alt=\"\" srcset=\"https:\/\/traildes2baies.fr\/wp-content\/uploads\/2024\/12\/5-150x150.png 150w, https:\/\/traildes2baies.fr\/wp-content\/uploads\/2024\/12\/5-300x300.png 300w, https:\/\/traildes2baies.fr\/wp-content\/uploads\/2024\/12\/5-1024x1024.png 1024w, https:\/\/traildes2baies.fr\/wp-content\/uploads\/2024\/12\/5-768x768.png 768w, https:\/\/traildes2baies.fr\/wp-content\/uploads\/2024\/12\/5.png 1080w\" sizes=\"(max-width: 150px) 100vw, 150px\" \/>\t\t\t\t\t\t\t\t\t\t\t\t\t<\/div>\n\t\t\t\t<\/div>\n\t\t\t\t\t<\/div>\n\t\t<\/div>\n\t\t\t\t<div class=\"elementor-column elementor-col-50 elementor-inner-column elementor-element elementor-element-7465d01\" data-id=\"7465d01\" data-element_type=\"column\">\n\t\t\t<div class=\"elementor-widget-wrap elementor-element-populated\">\n\t\t\t\t\t\t<div class=\"elementor-element elementor-element-2cdb86b elementor-widget elementor-widget-text-editor\" data-id=\"2cdb86b\" data-element_type=\"widget\" data-widget_type=\"text-editor.default\">\n\t\t\t\t<div class=\"elementor-widget-container\">\n\t\t\t\t\t\t\t<p class=\"font_7\"><strong>Merlimont<\/strong>\u00a0est une\u00a0commune fran\u00e7aise\u00a0situ\u00e9e dans le\u00a0d\u00e9partement\u00a0du\u00a0Pas-de-Calais\u00a0en\u00a0r\u00e9gion\u00a0Nord-Pas-de-Calais.\u00a0Petite\u00a0station baln\u00e9aire\u00a0de la\u00a0C\u00f4te d&rsquo;Opale, Merlimont est principalement connue pour le\u00a0Parc Bagatelle, plus ancien parc d&rsquo;attractions fran\u00e7ais en activit\u00e9 et principal parc d&rsquo;attractions du Nord-Pas-de-Calais.\u00a0Ses habitants\u00a0sont appel\u00e9s\u00a0les\u00a0Merlimontois\u00a0et ceux qui y sont n\u00e9s les\u00a0M\u00e9nomes<\/p>\t\t\t\t\t\t<\/div>\n\t\t\t\t<\/div>\n\t\t\t\t\t<\/div>\n\t\t<\/div>\n\t\t\t\t\t<\/div>\n\t\t<\/section>\n\t\t\t\t<section class=\"elementor-section elementor-inner-section elementor-element elementor-element-4d7d5d8 elementor-section-boxed elementor-section-height-default elementor-section-height-default\" data-id=\"4d7d5d8\" data-element_type=\"section\">\n\t\t\t\t\t\t<div class=\"elementor-container elementor-column-gap-default\">\n\t\t\t\t\t<div class=\"elementor-column elementor-col-50 elementor-inner-column elementor-element elementor-element-8a88482\" data-id=\"8a88482\" data-element_type=\"column\">\n\t\t\t<div class=\"elementor-widget-wrap elementor-element-populated\">\n\t\t\t\t\t\t<div class=\"elementor-element elementor-element-d491ec0 elementor-widget elementor-widget-image\" data-id=\"d491ec0\" data-element_type=\"widget\" data-widget_type=\"image.default\">\n\t\t\t\t<div class=\"elementor-widget-container\">\n\t\t\t\t\t\t\t\t\t\t\t\t\t<img width=\"150\" height=\"150\" src=\"https:\/\/traildes2baies.fr\/wp-content\/uploads\/2019\/06\/4-150x150.png\" class=\"attachment-thumbnail size-thumbnail wp-image-668\" alt=\"logo cucq tr\u00e9pied, partenaire de la course trail des 2 baies\" srcset=\"https:\/\/traildes2baies.fr\/wp-content\/uploads\/2019\/06\/4-150x150.png 150w, https:\/\/traildes2baies.fr\/wp-content\/uploads\/2019\/06\/4-100x100.png 100w, https:\/\/traildes2baies.fr\/wp-content\/uploads\/2019\/06\/4.png 300w\" sizes=\"(max-width: 150px) 100vw, 150px\" \/>\t\t\t\t\t\t\t\t\t\t\t\t\t<\/div>\n\t\t\t\t<\/div>\n\t\t\t\t\t<\/div>\n\t\t<\/div>\n\t\t\t\t<div class=\"elementor-column elementor-col-50 elementor-inner-column elementor-element elementor-element-96c0fd0\" data-id=\"96c0fd0\" data-element_type=\"column\">\n\t\t\t<div class=\"elementor-widget-wrap elementor-element-populated\">\n\t\t\t\t\t\t<div class=\"elementor-element elementor-element-7421d28 elementor-widget elementor-widget-text-editor\" data-id=\"7421d28\" data-element_type=\"widget\" data-widget_type=\"text-editor.default\">\n\t\t\t\t<div class=\"elementor-widget-container\">\n\t\t\t\t\t\t\t<p class=\"font_7\"><strong>Cucq<\/strong> se compose de trois entit\u00e9s g\u00e9ographiques\u00a0: le village de Cucq, le hameau de Tr\u00e9pied et la station baln\u00e9aire de Stella-Plage.\u00a0Cucq\u00a0est une\u00a0commune fran\u00e7aise\u00a0situ\u00e9e dans le\u00a0d\u00e9partement\u00a0du\u00a0Pas-de-Calais\u00a0en\u00a0r\u00e9gion\u00a0Nord-Pas-de-Calais. Ses habitants\u00a0sont appel\u00e9s\u00a0les\u00a0Cucquois.<\/p>\t\t\t\t\t\t<\/div>\n\t\t\t\t<\/div>\n\t\t\t\t\t<\/div>\n\t\t<\/div>\n\t\t\t\t\t<\/div>\n\t\t<\/section>\n\t\t\t\t<section class=\"elementor-section elementor-inner-section elementor-element elementor-element-2ffeffd elementor-section-boxed elementor-section-height-default elementor-section-height-default\" data-id=\"2ffeffd\" data-element_type=\"section\">\n\t\t\t\t\t\t<div class=\"elementor-container elementor-column-gap-default\">\n\t\t\t\t\t<div class=\"elementor-column elementor-col-50 elementor-inner-column elementor-element elementor-element-a841ef2\" data-id=\"a841ef2\" data-element_type=\"column\">\n\t\t\t<div class=\"elementor-widget-wrap elementor-element-populated\">\n\t\t\t\t\t\t<div class=\"elementor-element elementor-element-1104480 elementor-widget elementor-widget-image\" data-id=\"1104480\" data-element_type=\"widget\" data-widget_type=\"image.default\">\n\t\t\t\t<div class=\"elementor-widget-container\">\n\t\t\t\t\t\t\t\t\t\t\t\t\t<img loading=\"lazy\" width=\"1024\" height=\"229\" src=\"https:\/\/traildes2baies.fr\/wp-content\/uploads\/2022\/01\/logo-mon-departement-bleu-1024x229.jpg\" class=\"attachment-large size-large wp-image-30948\" alt=\"Pas de calais\" srcset=\"https:\/\/traildes2baies.fr\/wp-content\/uploads\/2022\/01\/logo-mon-departement-bleu-1024x229.jpg 1024w, https:\/\/traildes2baies.fr\/wp-content\/uploads\/2022\/01\/logo-mon-departement-bleu-300x67.jpg 300w, https:\/\/traildes2baies.fr\/wp-content\/uploads\/2022\/01\/logo-mon-departement-bleu-768x172.jpg 768w, https:\/\/traildes2baies.fr\/wp-content\/uploads\/2022\/01\/logo-mon-departement-bleu-1536x344.jpg 1536w, https:\/\/traildes2baies.fr\/wp-content\/uploads\/2022\/01\/logo-mon-departement-bleu-2048x458.jpg 2048w\" sizes=\"(max-width: 1024px) 100vw, 1024px\" \/>\t\t\t\t\t\t\t\t\t\t\t\t\t<\/div>\n\t\t\t\t<\/div>\n\t\t\t\t\t<\/div>\n\t\t<\/div>\n\t\t\t\t<div class=\"elementor-column elementor-col-50 elementor-inner-column elementor-element elementor-element-61bdcd6\" data-id=\"61bdcd6\" data-element_type=\"column\">\n\t\t\t<div class=\"elementor-widget-wrap elementor-element-populated\">\n\t\t\t\t\t\t<div class=\"elementor-element elementor-element-57515f3 elementor-widget elementor-widget-text-editor\" data-id=\"57515f3\" data-element_type=\"widget\" data-widget_type=\"text-editor.default\">\n\t\t\t\t<div class=\"elementor-widget-container\">\n\t\t\t\t\t\t\t<p class=\"font_8\"><strong>Conseil G\u00e9n\u00e9ral du Pas-de-Calais.\u00a0<\/strong>Le\u00a0conseil g\u00e9n\u00e9ral du Pas-de-Calais\u00a0est l&rsquo;assembl\u00e9e d\u00e9lib\u00e9rante du\u00a0d\u00e9partement fran\u00e7ais\u00a0du\u00a0Pas-de-Calais,collectivit\u00e9 territoriale\u00a0d\u00e9centralis\u00e9e. Son si\u00e8ge se trouve \u00e0\u00a0Arras.<\/p>\t\t\t\t\t\t<\/div>\n\t\t\t\t<\/div>\n\t\t\t\t\t<\/div>\n\t\t<\/div>\n\t\t\t\t\t<\/div>\n\t\t<\/section>\n\t\t\t\t<section class=\"elementor-section elementor-inner-section elementor-element elementor-element-62f8b2c elementor-section-boxed elementor-section-height-default elementor-section-height-default\" data-id=\"62f8b2c\" data-element_type=\"section\">\n\t\t\t\t\t\t<div class=\"elementor-container elementor-column-gap-default\">\n\t\t\t\t\t<div class=\"elementor-column elementor-col-50 elementor-inner-column elementor-element elementor-element-61e4325\" data-id=\"61e4325\" data-element_type=\"column\">\n\t\t\t<div class=\"elementor-widget-wrap elementor-element-populated\">\n\t\t\t\t\t\t<div class=\"elementor-element elementor-element-bbd2b68 elementor-widget elementor-widget-image\" data-id=\"bbd2b68\" data-element_type=\"widget\" data-widget_type=\"image.default\">\n\t\t\t\t<div class=\"elementor-widget-container\">\n\t\t\t\t\t\t\t\t\t\t\t\t\t<img loading=\"lazy\" width=\"150\" height=\"150\" src=\"https:\/\/traildes2baies.fr\/wp-content\/uploads\/2025\/01\/Post-Trail-D2B-2025-Partenaires-150x150.png\" class=\"attachment-thumbnail size-thumbnail wp-image-32194\" alt=\"\" srcset=\"https:\/\/traildes2baies.fr\/wp-content\/uploads\/2025\/01\/Post-Trail-D2B-2025-Partenaires-150x150.png 150w, https:\/\/traildes2baies.fr\/wp-content\/uploads\/2025\/01\/Post-Trail-D2B-2025-Partenaires-300x300.png 300w, https:\/\/traildes2baies.fr\/wp-content\/uploads\/2025\/01\/Post-Trail-D2B-2025-Partenaires-1024x1024.png 1024w, https:\/\/traildes2baies.fr\/wp-content\/uploads\/2025\/01\/Post-Trail-D2B-2025-Partenaires-768x768.png 768w, https:\/\/traildes2baies.fr\/wp-content\/uploads\/2025\/01\/Post-Trail-D2B-2025-Partenaires.png 1080w\" sizes=\"(max-width: 150px) 100vw, 150px\" \/>\t\t\t\t\t\t\t\t\t\t\t\t\t<\/div>\n\t\t\t\t<\/div>\n\t\t\t\t\t<\/div>\n\t\t<\/div>\n\t\t\t\t<div class=\"elementor-column elementor-col-50 elementor-inner-column elementor-element elementor-element-59a961e\" data-id=\"59a961e\" data-element_type=\"column\">\n\t\t\t<div class=\"elementor-widget-wrap elementor-element-populated\">\n\t\t\t\t\t\t<div class=\"elementor-element elementor-element-0a10c63 elementor-widget elementor-widget-text-editor\" data-id=\"0a10c63\" data-element_type=\"widget\" data-widget_type=\"text-editor.default\">\n\t\t\t\t<div class=\"elementor-widget-container\">\n\t\t\t\t\t\t\t<p>La F\u00e9d\u00e9ration Fran\u00e7aise d&rsquo;Athl\u00e9tisme<br \/>Visitez le site sur <a href=\"http:\/\/www.athle.fr\" target=\"_blank\" rel=\"noopener\">www.athle.fr<\/a><\/p><p>\u00a0<\/p>\t\t\t\t\t\t<\/div>\n\t\t\t\t<\/div>\n\t\t\t\t\t<\/div>\n\t\t<\/div>\n\t\t\t\t\t<\/div>\n\t\t<\/section>\n\t\t\t\t\t<\/div>\n\t\t<\/div>\n\t\t\t\t\t<\/div>\n\t\t<\/section>\n\t\t\t\t<\/div>\n\t\t","protected":false},"excerpt":{"rendered":"<p>Partenaires priv\u00e9s Partenaires m\u00e9dias Nos partenaires Le Touquet : Situ\u00e9e dans le triangle Paris-Londres-Bruxelles et nich\u00e9e au coeur d\u2019une for\u00eat de pins plus que centenaires, r\u00e9solument tourn\u00e9e vers les grands espaces, g\u00e9n\u00e9reusement ouverte \u00e0 la mer, \u00e0 la for\u00eat et aux dunes, la station du Touquet est un lieu id\u00e9al pour pratiquer toutes les activit\u00e9s [&hellip;]<\/p>\n","protected":false},"author":8,"featured_media":0,"parent":0,"menu_order":0,"comment_status":"closed","ping_status":"closed","template":"","meta":{"_mi_skip_tracking":false},"yoast_head":"<!-- This site is optimized with the Yoast SEO plugin v20.6 - https:\/\/yoast.com\/wordpress\/plugins\/seo\/ -->\n<title>Trail des 2 baies - Les partenaires publics<\/title>\n<meta name=\"description\" content=\"D\u00e9couvrez tous nos partenaires publics, qui rendent possible le d\u00e9roulement de la course depuis plusieurs \u00e9ditions. Un grand merci \u00e0 tous.\" \/>\n<meta name=\"robots\" content=\"index, follow, max-snippet:-1, max-image-preview:large, max-video-preview:-1\" \/>\n<link rel=\"canonical\" href=\"https:\/\/traildes2baies.fr\/?page_id=654\" \/>\n<meta property=\"og:locale\" content=\"fr_FR\" \/>\n<meta property=\"og:type\" content=\"article\" \/>\n<meta property=\"og:title\" content=\"Trail des 2 baies - Les partenaires publics\" \/>\n<meta property=\"og:description\" content=\"D\u00e9couvrez tous nos partenaires publics, qui rendent possible le d\u00e9roulement de la course depuis plusieurs \u00e9ditions. Un grand merci \u00e0 tous.\" \/>\n<meta property=\"og:url\" content=\"https:\/\/traildes2baies.fr\/?page_id=654\" \/>\n<meta property=\"og:site_name\" content=\"Trail D2B\" \/>\n<meta property=\"article:publisher\" content=\"https:\/\/www.facebook.com\/traild2b\" \/>\n<meta property=\"article:modified_time\" content=\"2025-01-08T11:51:09+00:00\" \/>\n<meta property=\"og:image\" content=\"https:\/\/traildes2baies.fr\/wp-content\/uploads\/2021\/09\/Logo-touquet_2021_H-bleu.png\" \/>\n<meta name=\"twitter:card\" content=\"summary_large_image\" \/>\n<meta name=\"twitter:label1\" content=\"Dur\u00e9e de lecture estim\u00e9e\" \/>\n\t<meta name=\"twitter:data1\" content=\"3 minutes\" \/>\n<script type=\"application\/ld+json\" class=\"yoast-schema-graph\">{\"@context\":\"https:\/\/schema.org\",\"@graph\":[{\"@type\":\"WebPage\",\"@id\":\"https:\/\/traildes2baies.fr\/?page_id=654\",\"url\":\"https:\/\/traildes2baies.fr\/?page_id=654\",\"name\":\"Trail des 2 baies - Les partenaires publics\",\"isPartOf\":{\"@id\":\"https:\/\/traildes2baies.fr\/#website\"},\"datePublished\":\"2019-06-12T15:09:59+00:00\",\"dateModified\":\"2025-01-08T11:51:09+00:00\",\"description\":\"D\u00e9couvrez tous nos partenaires publics, qui rendent possible le d\u00e9roulement de la course depuis plusieurs \u00e9ditions. Un grand merci \u00e0 tous.\",\"breadcrumb\":{\"@id\":\"https:\/\/traildes2baies.fr\/?page_id=654#breadcrumb\"},\"inLanguage\":\"fr-FR\",\"potentialAction\":[{\"@type\":\"ReadAction\",\"target\":[\"https:\/\/traildes2baies.fr\/?page_id=654\"]}]},{\"@type\":\"BreadcrumbList\",\"@id\":\"https:\/\/traildes2baies.fr\/?page_id=654#breadcrumb\",\"itemListElement\":[{\"@type\":\"ListItem\",\"position\":1,\"name\":\"Accueil\",\"item\":\"https:\/\/traildes2baies.fr\/\"},{\"@type\":\"ListItem\",\"position\":2,\"name\":\"Les partenaires publics\"}]},{\"@type\":\"WebSite\",\"@id\":\"https:\/\/traildes2baies.fr\/#website\",\"url\":\"https:\/\/traildes2baies.fr\/\",\"name\":\"Trail D2B\",\"description\":\"\",\"publisher\":{\"@id\":\"https:\/\/traildes2baies.fr\/#organization\"},\"potentialAction\":[{\"@type\":\"SearchAction\",\"target\":{\"@type\":\"EntryPoint\",\"urlTemplate\":\"https:\/\/traildes2baies.fr\/?s={search_term_string}\"},\"query-input\":\"required name=search_term_string\"}],\"inLanguage\":\"fr-FR\"},{\"@type\":\"Organization\",\"@id\":\"https:\/\/traildes2baies.fr\/#organization\",\"name\":\"Trail D2B\",\"url\":\"https:\/\/traildes2baies.fr\/\",\"logo\":{\"@type\":\"ImageObject\",\"inLanguage\":\"fr-FR\",\"@id\":\"https:\/\/traildes2baies.fr\/#\/schema\/logo\/image\/\",\"url\":\"https:\/\/traildes2baies.fr\/wp-content\/uploads\/2019\/06\/trail-d2B.png\",\"contentUrl\":\"https:\/\/traildes2baies.fr\/wp-content\/uploads\/2019\/06\/trail-d2B.png\",\"width\":400,\"height\":400,\"caption\":\"Trail D2B\"},\"image\":{\"@id\":\"https:\/\/traildes2baies.fr\/#\/schema\/logo\/image\/\"},\"sameAs\":[\"https:\/\/www.facebook.com\/traild2b\"]}]}<\/script>\n<!-- \/ Yoast SEO plugin. -->","yoast_head_json":{"title":"Trail des 2 baies - Les partenaires publics","description":"D\u00e9couvrez tous nos partenaires publics, qui rendent possible le d\u00e9roulement de la course depuis plusieurs \u00e9ditions. Un grand merci \u00e0 tous.","robots":{"index":"index","follow":"follow","max-snippet":"max-snippet:-1","max-image-preview":"max-image-preview:large","max-video-preview":"max-video-preview:-1"},"canonical":"https:\/\/traildes2baies.fr\/?page_id=654","og_locale":"fr_FR","og_type":"article","og_title":"Trail des 2 baies - Les partenaires publics","og_description":"D\u00e9couvrez tous nos partenaires publics, qui rendent possible le d\u00e9roulement de la course depuis plusieurs \u00e9ditions. Un grand merci \u00e0 tous.","og_url":"https:\/\/traildes2baies.fr\/?page_id=654","og_site_name":"Trail D2B","article_publisher":"https:\/\/www.facebook.com\/traild2b","article_modified_time":"2025-01-08T11:51:09+00:00","og_image":[{"url":"https:\/\/traildes2baies.fr\/wp-content\/uploads\/2021\/09\/Logo-touquet_2021_H-bleu.png"}],"twitter_card":"summary_large_image","twitter_misc":{"Dur\u00e9e de lecture estim\u00e9e":"3 minutes"},"schema":{"@context":"https:\/\/schema.org","@graph":[{"@type":"WebPage","@id":"https:\/\/traildes2baies.fr\/?page_id=654","url":"https:\/\/traildes2baies.fr\/?page_id=654","name":"Trail des 2 baies - Les partenaires publics","isPartOf":{"@id":"https:\/\/traildes2baies.fr\/#website"},"datePublished":"2019-06-12T15:09:59+00:00","dateModified":"2025-01-08T11:51:09+00:00","description":"D\u00e9couvrez tous nos partenaires publics, qui rendent possible le d\u00e9roulement de la course depuis plusieurs \u00e9ditions. Un grand merci \u00e0 tous.","breadcrumb":{"@id":"https:\/\/traildes2baies.fr\/?page_id=654#breadcrumb"},"inLanguage":"fr-FR","potentialAction":[{"@type":"ReadAction","target":["https:\/\/traildes2baies.fr\/?page_id=654"]}]},{"@type":"BreadcrumbList","@id":"https:\/\/traildes2baies.fr\/?page_id=654#breadcrumb","itemListElement":[{"@type":"ListItem","position":1,"name":"Accueil","item":"https:\/\/traildes2baies.fr\/"},{"@type":"ListItem","position":2,"name":"Les partenaires publics"}]},{"@type":"WebSite","@id":"https:\/\/traildes2baies.fr\/#website","url":"https:\/\/traildes2baies.fr\/","name":"Trail D2B","description":"","publisher":{"@id":"https:\/\/traildes2baies.fr\/#organization"},"potentialAction":[{"@type":"SearchAction","target":{"@type":"EntryPoint","urlTemplate":"https:\/\/traildes2baies.fr\/?s={search_term_string}"},"query-input":"required name=search_term_string"}],"inLanguage":"fr-FR"},{"@type":"Organization","@id":"https:\/\/traildes2baies.fr\/#organization","name":"Trail D2B","url":"https:\/\/traildes2baies.fr\/","logo":{"@type":"ImageObject","inLanguage":"fr-FR","@id":"https:\/\/traildes2baies.fr\/#\/schema\/logo\/image\/","url":"https:\/\/traildes2baies.fr\/wp-content\/uploads\/2019\/06\/trail-d2B.png","contentUrl":"https:\/\/traildes2baies.fr\/wp-content\/uploads\/2019\/06\/trail-d2B.png","width":400,"height":400,"caption":"Trail D2B"},"image":{"@id":"https:\/\/traildes2baies.fr\/#\/schema\/logo\/image\/"},"sameAs":["https:\/\/www.facebook.com\/traild2b"]}]}},"_links":{"self":[{"href":"https:\/\/traildes2baies.fr\/index.php?rest_route=\/wp\/v2\/pages\/654"}],"collection":[{"href":"https:\/\/traildes2baies.fr\/index.php?rest_route=\/wp\/v2\/pages"}],"about":[{"href":"https:\/\/traildes2baies.fr\/index.php?rest_route=\/wp\/v2\/types\/page"}],"author":[{"embeddable":true,"href":"https:\/\/traildes2baies.fr\/index.php?rest_route=\/wp\/v2\/users\/8"}],"replies":[{"embeddable":true,"href":"https:\/\/traildes2baies.fr\/index.php?rest_route=%2Fwp%2Fv2%2Fcomments&post=654"}],"version-history":[{"count":21,"href":"https:\/\/traildes2baies.fr\/index.php?rest_route=\/wp\/v2\/pages\/654\/revisions"}],"predecessor-version":[{"id":32197,"href":"https:\/\/traildes2baies.fr\/index.php?rest_route=\/wp\/v2\/pages\/654\/revisions\/32197"}],"wp:attachment":[{"href":"https:\/\/traildes2baies.fr\/index.php?rest_route=%2Fwp%2Fv2%2Fmedia&parent=654"}],"curies":[{"name":"wp","href":"https:\/\/api.w.org\/{rel}","templated":true}]}}