{"id":9024,"date":"2019-11-21T09:18:22","date_gmt":"2019-11-21T09:18:22","guid":{"rendered":"https:\/\/www.traildes2baies.fr\/?page_id=9024"},"modified":"2025-07-22T14:05:48","modified_gmt":"2025-07-22T14:05:48","slug":"benevoles","status":"publish","type":"page","link":"https:\/\/traildes2baies.fr\/?page_id=9024","title":{"rendered":"Les b\u00e9n\u00e9voles"},"content":{"rendered":"\t\t<div data-elementor-type=\"wp-post\" data-elementor-id=\"9024\" class=\"elementor elementor-9024\">\n\t\t\t\t\t\t<section class=\"elementor-section elementor-top-section elementor-element elementor-element-eb81ace elementor-section-boxed elementor-section-height-default elementor-section-height-default\" data-id=\"eb81ace\" data-element_type=\"section\">\n\t\t\t\t\t\t<div class=\"elementor-container elementor-column-gap-default\">\n\t\t\t\t\t<div class=\"elementor-column elementor-col-100 elementor-top-column elementor-element elementor-element-04e6ae4\" data-id=\"04e6ae4\" data-element_type=\"column\">\n\t\t\t<div class=\"elementor-widget-wrap elementor-element-populated\">\n\t\t\t\t\t\t<div class=\"elementor-element elementor-element-509b6f7 elementor-widget elementor-widget-heading\" data-id=\"509b6f7\" data-element_type=\"widget\" data-widget_type=\"heading.default\">\n\t\t\t\t<div class=\"elementor-widget-container\">\n\t\t\t<h2 class=\"elementor-heading-title elementor-size-default\"><h2 class=\"elementor-heading-title elementor-size-default\" style=\"font-family: Anton, sans-serif; text-align: center; white-space: normal; \">Une \u00e9quipe de b\u00e9n\u00e9voles exceptionnelle<\/h2><\/h2>\t\t<\/div>\n\t\t\t\t<\/div>\n\t\t\t\t\t<\/div>\n\t\t<\/div>\n\t\t\t\t\t<\/div>\n\t\t<\/section>\n\t\t\t\t<section class=\"elementor-section elementor-top-section elementor-element elementor-element-17d2df2 elementor-section-boxed elementor-section-height-default elementor-section-height-default\" data-id=\"17d2df2\" data-element_type=\"section\">\n\t\t\t\t\t\t<div class=\"elementor-container elementor-column-gap-default\">\n\t\t\t\t\t<div class=\"elementor-column elementor-col-100 elementor-top-column elementor-element elementor-element-f1dd9e6\" data-id=\"f1dd9e6\" data-element_type=\"column\">\n\t\t\t<div class=\"elementor-widget-wrap elementor-element-populated\">\n\t\t\t\t\t\t<div class=\"elementor-element elementor-element-b851c6b elementor-widget elementor-widget-image\" data-id=\"b851c6b\" data-element_type=\"widget\" data-widget_type=\"image.default\">\n\t\t\t\t<div class=\"elementor-widget-container\">\n\t\t\t\t\t\t\t\t\t\t\t\t\t<img fetchpriority=\"high\" width=\"1024\" height=\"768\" src=\"https:\/\/traildes2baies.fr\/wp-content\/uploads\/2025\/07\/IMG_0071-1024x768.jpg\" class=\"attachment-large size-large wp-image-32272\" alt=\"\" srcset=\"https:\/\/traildes2baies.fr\/wp-content\/uploads\/2025\/07\/IMG_0071-1024x768.jpg 1024w, https:\/\/traildes2baies.fr\/wp-content\/uploads\/2025\/07\/IMG_0071-300x225.jpg 300w, https:\/\/traildes2baies.fr\/wp-content\/uploads\/2025\/07\/IMG_0071-768x576.jpg 768w, https:\/\/traildes2baies.fr\/wp-content\/uploads\/2025\/07\/IMG_0071-1536x1151.jpg 1536w\" sizes=\"(max-width: 1024px) 100vw, 1024px\" \/>\t\t\t\t\t\t\t\t\t\t\t\t\t<\/div>\n\t\t\t\t<\/div>\n\t\t\t\t\t<\/div>\n\t\t<\/div>\n\t\t\t\t\t<\/div>\n\t\t<\/section>\n\t\t\t\t<section class=\"elementor-section elementor-top-section elementor-element elementor-element-52e1a41 elementor-section-boxed elementor-section-height-default elementor-section-height-default\" data-id=\"52e1a41\" data-element_type=\"section\">\n\t\t\t\t\t\t<div class=\"elementor-container elementor-column-gap-default\">\n\t\t\t\t\t<div class=\"elementor-column elementor-col-100 elementor-top-column elementor-element elementor-element-d3041d4\" data-id=\"d3041d4\" data-element_type=\"column\">\n\t\t\t<div class=\"elementor-widget-wrap elementor-element-populated\">\n\t\t\t\t\t\t<div class=\"elementor-element elementor-element-24d2def elementor-widget elementor-widget-text-editor\" data-id=\"24d2def\" data-element_type=\"widget\" data-widget_type=\"text-editor.default\">\n\t\t\t\t<div class=\"elementor-widget-container\">\n\t\t\t\t\t\t\t<p><span style=\"color: #585c61; font-family: verdana, geneva, sans-serif; font-size: 14px;\">Une centaine&nbsp;de b\u00e9n\u00e9voles nous rejoignent pour le jour J pour vous offrir une course m\u00e9morable.<\/span><\/p>\n<p><span style=\"color: #585c61; font-family: verdana, geneva, sans-serif; font-size: 14px;\">Tous vous attendent sur le parcours, dans la convivialit\u00e9, la bonne humeur, en assurant une organisation s\u00e9rieuse et professionnelle.<\/span><\/p>\n<p><font color=\"#585c61\" face=\"verdana, geneva, sans-serif\"><span style=\"font-size: 14px;\">N&rsquo;h\u00e9sitez pas \u00e0 nous contacter afin de faire parti de l&rsquo;\u00e9quipe de b\u00e9n\u00e9voles : <b>contact@touquetraid.com \/ 06.24.14.32.56<\/b><\/span><\/font><\/p>\t\t\t\t\t\t<\/div>\n\t\t\t\t<\/div>\n\t\t\t\t\t<\/div>\n\t\t<\/div>\n\t\t\t\t\t<\/div>\n\t\t<\/section>\n\t\t\t\t<\/div>\n\t\t","protected":false},"excerpt":{"rendered":"<p>Une \u00e9quipe de b\u00e9n\u00e9voles exceptionnelle Une centaine&nbsp;de b\u00e9n\u00e9voles nous rejoignent pour le jour J pour vous offrir une course m\u00e9morable. Tous vous attendent sur le parcours, dans la convivialit\u00e9, la bonne humeur, en assurant une organisation s\u00e9rieuse et professionnelle. N&rsquo;h\u00e9sitez pas \u00e0 nous contacter afin de faire parti de l&rsquo;\u00e9quipe de b\u00e9n\u00e9voles : contact@touquetraid.com \/ [&hellip;]<\/p>\n","protected":false},"author":8,"featured_media":0,"parent":0,"menu_order":0,"comment_status":"closed","ping_status":"closed","template":"","meta":{"_mi_skip_tracking":false},"yoast_head":"<!-- This site is optimized with the Yoast SEO plugin v20.6 - https:\/\/yoast.com\/wordpress\/plugins\/seo\/ -->\n<title>Les b\u00e9n\u00e9voles - Trail D2B<\/title>\n<meta name=\"robots\" content=\"index, follow, max-snippet:-1, max-image-preview:large, max-video-preview:-1\" \/>\n<link rel=\"canonical\" href=\"https:\/\/traildes2baies.fr\/?page_id=9024\" \/>\n<meta property=\"og:locale\" content=\"fr_FR\" \/>\n<meta property=\"og:type\" content=\"article\" \/>\n<meta property=\"og:title\" content=\"Les b\u00e9n\u00e9voles - Trail D2B\" \/>\n<meta property=\"og:description\" content=\"Une \u00e9quipe de b\u00e9n\u00e9voles exceptionnelle Une centaine&nbsp;de b\u00e9n\u00e9voles nous rejoignent pour le jour J pour vous offrir une course m\u00e9morable. Tous vous attendent sur le parcours, dans la convivialit\u00e9, la bonne humeur, en assurant une organisation s\u00e9rieuse et professionnelle. N&rsquo;h\u00e9sitez pas \u00e0 nous contacter afin de faire parti de l&rsquo;\u00e9quipe de b\u00e9n\u00e9voles : contact@touquetraid.com \/ [&hellip;]\" \/>\n<meta property=\"og:url\" content=\"https:\/\/traildes2baies.fr\/?page_id=9024\" \/>\n<meta property=\"og:site_name\" content=\"Trail D2B\" \/>\n<meta property=\"article:publisher\" content=\"https:\/\/www.facebook.com\/traild2b\" \/>\n<meta property=\"article:modified_time\" content=\"2025-07-22T14:05:48+00:00\" \/>\n<meta property=\"og:image\" content=\"https:\/\/traildes2baies.fr\/wp-content\/uploads\/2025\/07\/IMG_0071-1024x768.jpg\" \/>\n<meta name=\"twitter:card\" content=\"summary_large_image\" \/>\n<meta name=\"twitter:label1\" content=\"Dur\u00e9e de lecture estim\u00e9e\" \/>\n\t<meta name=\"twitter:data1\" content=\"1 minute\" \/>\n<script type=\"application\/ld+json\" class=\"yoast-schema-graph\">{\"@context\":\"https:\/\/schema.org\",\"@graph\":[{\"@type\":\"WebPage\",\"@id\":\"https:\/\/traildes2baies.fr\/?page_id=9024\",\"url\":\"https:\/\/traildes2baies.fr\/?page_id=9024\",\"name\":\"Les b\u00e9n\u00e9voles - Trail D2B\",\"isPartOf\":{\"@id\":\"https:\/\/traildes2baies.fr\/#website\"},\"datePublished\":\"2019-11-21T09:18:22+00:00\",\"dateModified\":\"2025-07-22T14:05:48+00:00\",\"breadcrumb\":{\"@id\":\"https:\/\/traildes2baies.fr\/?page_id=9024#breadcrumb\"},\"inLanguage\":\"fr-FR\",\"potentialAction\":[{\"@type\":\"ReadAction\",\"target\":[\"https:\/\/traildes2baies.fr\/?page_id=9024\"]}]},{\"@type\":\"BreadcrumbList\",\"@id\":\"https:\/\/traildes2baies.fr\/?page_id=9024#breadcrumb\",\"itemListElement\":[{\"@type\":\"ListItem\",\"position\":1,\"name\":\"Accueil\",\"item\":\"https:\/\/traildes2baies.fr\/\"},{\"@type\":\"ListItem\",\"position\":2,\"name\":\"Les b\u00e9n\u00e9voles\"}]},{\"@type\":\"WebSite\",\"@id\":\"https:\/\/traildes2baies.fr\/#website\",\"url\":\"https:\/\/traildes2baies.fr\/\",\"name\":\"Trail D2B\",\"description\":\"\",\"publisher\":{\"@id\":\"https:\/\/traildes2baies.fr\/#organization\"},\"potentialAction\":[{\"@type\":\"SearchAction\",\"target\":{\"@type\":\"EntryPoint\",\"urlTemplate\":\"https:\/\/traildes2baies.fr\/?s={search_term_string}\"},\"query-input\":\"required name=search_term_string\"}],\"inLanguage\":\"fr-FR\"},{\"@type\":\"Organization\",\"@id\":\"https:\/\/traildes2baies.fr\/#organization\",\"name\":\"Trail D2B\",\"url\":\"https:\/\/traildes2baies.fr\/\",\"logo\":{\"@type\":\"ImageObject\",\"inLanguage\":\"fr-FR\",\"@id\":\"https:\/\/traildes2baies.fr\/#\/schema\/logo\/image\/\",\"url\":\"https:\/\/traildes2baies.fr\/wp-content\/uploads\/2019\/06\/trail-d2B.png\",\"contentUrl\":\"https:\/\/traildes2baies.fr\/wp-content\/uploads\/2019\/06\/trail-d2B.png\",\"width\":400,\"height\":400,\"caption\":\"Trail D2B\"},\"image\":{\"@id\":\"https:\/\/traildes2baies.fr\/#\/schema\/logo\/image\/\"},\"sameAs\":[\"https:\/\/www.facebook.com\/traild2b\"]}]}<\/script>\n<!-- \/ Yoast SEO plugin. -->","yoast_head_json":{"title":"Les b\u00e9n\u00e9voles - Trail D2B","robots":{"index":"index","follow":"follow","max-snippet":"max-snippet:-1","max-image-preview":"max-image-preview:large","max-video-preview":"max-video-preview:-1"},"canonical":"https:\/\/traildes2baies.fr\/?page_id=9024","og_locale":"fr_FR","og_type":"article","og_title":"Les b\u00e9n\u00e9voles - Trail D2B","og_description":"Une \u00e9quipe de b\u00e9n\u00e9voles exceptionnelle Une centaine&nbsp;de b\u00e9n\u00e9voles nous rejoignent pour le jour J pour vous offrir une course m\u00e9morable. Tous vous attendent sur le parcours, dans la convivialit\u00e9, la bonne humeur, en assurant une organisation s\u00e9rieuse et professionnelle. N&rsquo;h\u00e9sitez pas \u00e0 nous contacter afin de faire parti de l&rsquo;\u00e9quipe de b\u00e9n\u00e9voles : contact@touquetraid.com \/ [&hellip;]","og_url":"https:\/\/traildes2baies.fr\/?page_id=9024","og_site_name":"Trail D2B","article_publisher":"https:\/\/www.facebook.com\/traild2b","article_modified_time":"2025-07-22T14:05:48+00:00","og_image":[{"url":"https:\/\/traildes2baies.fr\/wp-content\/uploads\/2025\/07\/IMG_0071-1024x768.jpg"}],"twitter_card":"summary_large_image","twitter_misc":{"Dur\u00e9e de lecture estim\u00e9e":"1 minute"},"schema":{"@context":"https:\/\/schema.org","@graph":[{"@type":"WebPage","@id":"https:\/\/traildes2baies.fr\/?page_id=9024","url":"https:\/\/traildes2baies.fr\/?page_id=9024","name":"Les b\u00e9n\u00e9voles - Trail D2B","isPartOf":{"@id":"https:\/\/traildes2baies.fr\/#website"},"datePublished":"2019-11-21T09:18:22+00:00","dateModified":"2025-07-22T14:05:48+00:00","breadcrumb":{"@id":"https:\/\/traildes2baies.fr\/?page_id=9024#breadcrumb"},"inLanguage":"fr-FR","potentialAction":[{"@type":"ReadAction","target":["https:\/\/traildes2baies.fr\/?page_id=9024"]}]},{"@type":"BreadcrumbList","@id":"https:\/\/traildes2baies.fr\/?page_id=9024#breadcrumb","itemListElement":[{"@type":"ListItem","position":1,"name":"Accueil","item":"https:\/\/traildes2baies.fr\/"},{"@type":"ListItem","position":2,"name":"Les b\u00e9n\u00e9voles"}]},{"@type":"WebSite","@id":"https:\/\/traildes2baies.fr\/#website","url":"https:\/\/traildes2baies.fr\/","name":"Trail D2B","description":"","publisher":{"@id":"https:\/\/traildes2baies.fr\/#organization"},"potentialAction":[{"@type":"SearchAction","target":{"@type":"EntryPoint","urlTemplate":"https:\/\/traildes2baies.fr\/?s={search_term_string}"},"query-input":"required name=search_term_string"}],"inLanguage":"fr-FR"},{"@type":"Organization","@id":"https:\/\/traildes2baies.fr\/#organization","name":"Trail D2B","url":"https:\/\/traildes2baies.fr\/","logo":{"@type":"ImageObject","inLanguage":"fr-FR","@id":"https:\/\/traildes2baies.fr\/#\/schema\/logo\/image\/","url":"https:\/\/traildes2baies.fr\/wp-content\/uploads\/2019\/06\/trail-d2B.png","contentUrl":"https:\/\/traildes2baies.fr\/wp-content\/uploads\/2019\/06\/trail-d2B.png","width":400,"height":400,"caption":"Trail D2B"},"image":{"@id":"https:\/\/traildes2baies.fr\/#\/schema\/logo\/image\/"},"sameAs":["https:\/\/www.facebook.com\/traild2b"]}]}},"_links":{"self":[{"href":"https:\/\/traildes2baies.fr\/index.php?rest_route=\/wp\/v2\/pages\/9024"}],"collection":[{"href":"https:\/\/traildes2baies.fr\/index.php?rest_route=\/wp\/v2\/pages"}],"about":[{"href":"https:\/\/traildes2baies.fr\/index.php?rest_route=\/wp\/v2\/types\/page"}],"author":[{"embeddable":true,"href":"https:\/\/traildes2baies.fr\/index.php?rest_route=\/wp\/v2\/users\/8"}],"replies":[{"embeddable":true,"href":"https:\/\/traildes2baies.fr\/index.php?rest_route=%2Fwp%2Fv2%2Fcomments&post=9024"}],"version-history":[{"count":7,"href":"https:\/\/traildes2baies.fr\/index.php?rest_route=\/wp\/v2\/pages\/9024\/revisions"}],"predecessor-version":[{"id":32275,"href":"https:\/\/traildes2baies.fr\/index.php?rest_route=\/wp\/v2\/pages\/9024\/revisions\/32275"}],"wp:attachment":[{"href":"https:\/\/traildes2baies.fr\/index.php?rest_route=%2Fwp%2Fv2%2Fmedia&parent=9024"}],"curies":[{"name":"wp","href":"https:\/\/api.w.org\/{rel}","templated":true}]}}